{"id":5802,"date":"2023-03-21T13:42:37","date_gmt":"2023-03-21T13:42:37","guid":{"rendered":"https:\/\/cuviva.com\/sakerhet\/"},"modified":"2025-08-28T13:17:01","modified_gmt":"2025-08-28T13:17:01","slug":"sikkerhet","status":"publish","type":"page","link":"https:\/\/cuviva.com\/no\/sikkerhet\/","title":{"rendered":"Sikkerhet"},"content":{"rendered":"<p>Nu kan jag snabbt och l\u00e4tt sj\u00e4lv<br \/>\nf\u00e5 kontroll p\u00e5 min lungkapacitet.<\/p>\n<p><!-- Protanopia filter --> <!-- Deuteranopia filter --> <!-- Tritanopia filter --><\/p>\n<p><!-- Protanopia filter --> <!-- Deuteranopia filter --> <!-- Tritanopia filter --><\/p>\n<p><!-- Protanopia filter --> <!-- Deuteranopia filter --> <!-- Tritanopia filter --><\/p>\n<p><!-- Protanopia filter --> <!-- Deuteranopia filter --> <!-- Tritanopia filter --><\/p>\n","protected":false},"excerpt":{"rendered":"<p>Nu kan jag snabbt och l\u00e4tt sj\u00e4lv f\u00e5 kontroll p\u00e5 min lungkapacitet.<\/p>\n","protected":false},"author":3,"featured_media":0,"parent":0,"menu_order":0,"comment_status":"closed","ping_status":"closed","template":"","meta":{"_acf_changed":false,"inline_featured_image":false,"footnotes":""},"class_list":["post-5802","page","type-page","status-publish","hentry"],"acf":[],"_links":{"self":[{"href":"https:\/\/cuviva.com\/no\/wp-json\/wp\/v2\/pages\/5802","targetHints":{"allow":["GET"]}}],"collection":[{"href":"https:\/\/cuviva.com\/no\/wp-json\/wp\/v2\/pages"}],"about":[{"href":"https:\/\/cuviva.com\/no\/wp-json\/wp\/v2\/types\/page"}],"author":[{"embeddable":true,"href":"https:\/\/cuviva.com\/no\/wp-json\/wp\/v2\/users\/3"}],"replies":[{"embeddable":true,"href":"https:\/\/cuviva.com\/no\/wp-json\/wp\/v2\/comments?post=5802"}],"version-history":[{"count":1,"href":"https:\/\/cuviva.com\/no\/wp-json\/wp\/v2\/pages\/5802\/revisions"}],"predecessor-version":[{"id":5811,"href":"https:\/\/cuviva.com\/no\/wp-json\/wp\/v2\/pages\/5802\/revisions\/5811"}],"wp:attachment":[{"href":"https:\/\/cuviva.com\/no\/wp-json\/wp\/v2\/media?parent=5802"}],"curies":[{"name":"wp","href":"https:\/\/api.w.org\/{rel}","templated":true}]}}