{"id":5721,"date":"2023-03-07T12:21:17","date_gmt":"2023-03-07T12:21:17","guid":{"rendered":"https:\/\/cuviva.com\/sakerhet-och-datahantering\/"},"modified":"2025-12-14T10:10:49","modified_gmt":"2025-12-14T10:10:49","slug":"sikkerhet-og-datahandtering","status":"publish","type":"page","link":"https:\/\/cuviva.com\/no\/sikkerhet-og-datahandtering\/","title":{"rendered":"Sikkerhet og datah\u00e5ndtering"},"content":{"rendered":"<p>Nu kan jag snabbt och l\u00e4tt sj\u00e4lv<br \/>\nf\u00e5 kontroll p\u00e5 min lungkapacitet.<\/p>\n<p><!-- Protanopia filter --> <!-- Deuteranopia filter --> <!-- Tritanopia filter --><\/p>\n<p><!-- Protanopia filter --> <!-- Deuteranopia filter --> <!-- Tritanopia filter --><\/p>\n<p><!-- Protanopia filter --> <!-- Deuteranopia filter --> <!-- Tritanopia filter --><\/p>\n<p><!-- Protanopia filter --> <!-- Deuteranopia filter --> <!-- Tritanopia filter --><\/p>\n<p><!-- Protanopia filter --> <!-- Deuteranopia filter --> <!-- Tritanopia filter --><\/p>\n<p><!-- Protanopia filter --> <!-- Deuteranopia filter --> <!-- Tritanopia filter --><\/p>\n<p><!-- Protanopia filter --> <!-- Deuteranopia filter --> <!-- Tritanopia filter --><\/p>\n<p><!-- Protanopia filter --> <!-- Deuteranopia filter --> <!-- Tritanopia filter --><\/p>\n<p><!-- Protanopia filter --> <!-- Deuteranopia filter --> <!-- Tritanopia filter --><\/p>\n<p><!-- Protanopia filter --> <!-- Deuteranopia filter --> <!-- Tritanopia filter --><\/p>\n","protected":false},"excerpt":{"rendered":"<p>Nu kan jag snabbt och l\u00e4tt sj\u00e4lv f\u00e5 kontroll p\u00e5 min lungkapacitet.<\/p>\n","protected":false},"author":3,"featured_media":0,"parent":0,"menu_order":0,"comment_status":"closed","ping_status":"closed","template":"","meta":{"_acf_changed":false,"inline_featured_image":false,"footnotes":""},"class_list":["post-5721","page","type-page","status-publish","hentry"],"acf":[],"_links":{"self":[{"href":"https:\/\/cuviva.com\/no\/wp-json\/wp\/v2\/pages\/5721","targetHints":{"allow":["GET"]}}],"collection":[{"href":"https:\/\/cuviva.com\/no\/wp-json\/wp\/v2\/pages"}],"about":[{"href":"https:\/\/cuviva.com\/no\/wp-json\/wp\/v2\/types\/page"}],"author":[{"embeddable":true,"href":"https:\/\/cuviva.com\/no\/wp-json\/wp\/v2\/users\/3"}],"replies":[{"embeddable":true,"href":"https:\/\/cuviva.com\/no\/wp-json\/wp\/v2\/comments?post=5721"}],"version-history":[{"count":5,"href":"https:\/\/cuviva.com\/no\/wp-json\/wp\/v2\/pages\/5721\/revisions"}],"predecessor-version":[{"id":6916,"href":"https:\/\/cuviva.com\/no\/wp-json\/wp\/v2\/pages\/5721\/revisions\/6916"}],"wp:attachment":[{"href":"https:\/\/cuviva.com\/no\/wp-json\/wp\/v2\/media?parent=5721"}],"curies":[{"name":"wp","href":"https:\/\/api.w.org\/{rel}","templated":true}]}}