{"id":5337,"date":"2022-09-01T14:08:34","date_gmt":"2022-09-01T14:08:34","guid":{"rendered":"https:\/\/stage.cuviva.com\/contact\/"},"modified":"2025-09-02T09:11:16","modified_gmt":"2025-09-02T09:11:16","slug":"contact","status":"publish","type":"page","link":"https:\/\/cuviva.com\/en\/contact\/","title":{"rendered":"contact"},"content":{"rendered":"<p>Nu kan jag snabbt och l\u00e4tt sj\u00e4lv<br \/>\nf\u00e5 kontroll p\u00e5 min lungkapacitet.<\/p>\n<p><!-- Protanopia filter --> <!-- Deuteranopia filter --> <!-- Tritanopia filter --><\/p>\n<p><!-- Protanopia filter --> <!-- Deuteranopia filter --> <!-- Tritanopia filter --><\/p>\n","protected":false},"excerpt":{"rendered":"<p>Nu kan jag snabbt och l\u00e4tt sj\u00e4lv f\u00e5 kontroll p\u00e5 min lungkapacitet.<\/p>\n","protected":false},"author":1,"featured_media":0,"parent":0,"menu_order":0,"comment_status":"closed","ping_status":"closed","template":"","meta":{"_acf_changed":false,"inline_featured_image":false,"footnotes":""},"class_list":["post-5337","page","type-page","status-publish","hentry"],"acf":[],"_links":{"self":[{"href":"https:\/\/cuviva.com\/en\/wp-json\/wp\/v2\/pages\/5337","targetHints":{"allow":["GET"]}}],"collection":[{"href":"https:\/\/cuviva.com\/en\/wp-json\/wp\/v2\/pages"}],"about":[{"href":"https:\/\/cuviva.com\/en\/wp-json\/wp\/v2\/types\/page"}],"author":[{"embeddable":true,"href":"https:\/\/cuviva.com\/en\/wp-json\/wp\/v2\/users\/1"}],"replies":[{"embeddable":true,"href":"https:\/\/cuviva.com\/en\/wp-json\/wp\/v2\/comments?post=5337"}],"version-history":[{"count":4,"href":"https:\/\/cuviva.com\/en\/wp-json\/wp\/v2\/pages\/5337\/revisions"}],"predecessor-version":[{"id":5923,"href":"https:\/\/cuviva.com\/en\/wp-json\/wp\/v2\/pages\/5337\/revisions\/5923"}],"wp:attachment":[{"href":"https:\/\/cuviva.com\/en\/wp-json\/wp\/v2\/media?parent=5337"}],"curies":[{"name":"wp","href":"https:\/\/api.w.org\/{rel}","templated":true}]}}