{"id":3722,"date":"2023-03-21T13:42:37","date_gmt":"2023-03-21T13:42:37","guid":{"rendered":"https:\/\/stage.cuviva.com\/security\/"},"modified":"2025-08-20T12:47:45","modified_gmt":"2025-08-20T12:47:45","slug":"sicherheit","status":"publish","type":"page","link":"https:\/\/cuviva.com\/de\/sicherheit\/","title":{"rendered":"Sicherheit"},"content":{"rendered":"<p>Nu kan jag snabbt och l\u00e4tt sj\u00e4lv<br \/>\nf\u00e5 kontroll p\u00e5 min lungkapacitet.<\/p>\n<p><!-- Protanopia filter --> <!-- Deuteranopia filter --> <!-- Tritanopia filter --><\/p>\n<p><!-- Protanopia filter --> <!-- Deuteranopia filter --> <!-- Tritanopia filter --><\/p>\n<p><!-- Protanopia filter --> <!-- Deuteranopia filter --> <!-- Tritanopia filter --><\/p>\n<p><!-- Protanopia filter -->    <!-- Deuteranopia filter -->    <!-- Tritanopia filter --><\/p>\n","protected":false},"excerpt":{"rendered":"<p>Nu kan jag snabbt och l\u00e4tt sj\u00e4lv f\u00e5 kontroll p\u00e5 min lungkapacitet.<\/p>\n","protected":false},"author":3,"featured_media":0,"parent":0,"menu_order":0,"comment_status":"closed","ping_status":"closed","template":"","meta":{"_acf_changed":false,"inline_featured_image":false,"footnotes":""},"class_list":["post-3722","page","type-page","status-publish","hentry"],"acf":[],"_links":{"self":[{"href":"https:\/\/cuviva.com\/de\/wp-json\/wp\/v2\/pages\/3722","targetHints":{"allow":["GET"]}}],"collection":[{"href":"https:\/\/cuviva.com\/de\/wp-json\/wp\/v2\/pages"}],"about":[{"href":"https:\/\/cuviva.com\/de\/wp-json\/wp\/v2\/types\/page"}],"author":[{"embeddable":true,"href":"https:\/\/cuviva.com\/de\/wp-json\/wp\/v2\/users\/3"}],"replies":[{"embeddable":true,"href":"https:\/\/cuviva.com\/de\/wp-json\/wp\/v2\/comments?post=3722"}],"version-history":[{"count":5,"href":"https:\/\/cuviva.com\/de\/wp-json\/wp\/v2\/pages\/3722\/revisions"}],"predecessor-version":[{"id":5388,"href":"https:\/\/cuviva.com\/de\/wp-json\/wp\/v2\/pages\/3722\/revisions\/5388"}],"wp:attachment":[{"href":"https:\/\/cuviva.com\/de\/wp-json\/wp\/v2\/media?parent=3722"}],"curies":[{"name":"wp","href":"https:\/\/api.w.org\/{rel}","templated":true}]}}